{"id":756,"date":"2012-03-16T17:10:05","date_gmt":"2012-03-16T16:10:05","guid":{"rendered":"http:\/\/fabioinvernizzi.com\/blog\/?page_id=756"},"modified":"2012-03-19T22:33:02","modified_gmt":"2012-03-19T21:33:02","slug":"remote-admin","status":"publish","type":"page","link":"https:\/\/fabioinvernizzi.com\/blog\/remote-admin\/","title":{"rendered":"Remote Administrator"},"content":{"rendered":"<\/p>\n<p><em><strong>&#8220;AAA Expert Linux Engineer&#8221;<\/strong> <\/em><\/p>\n<p>Sono un ingegnere informatico appassionato di open source e dal 1998 lavoro quasi esclusivamente su server linux.<\/p>\n<p>Da qualche anno lavoro principalmente per un grosso cliente ma mi ritaglio alcune giornate al mese come freelance durante le quali offro la mia consulenza come <strong>REMOTE ADMINISTRATOR<\/strong>.<\/p>\n<p>L&#8217;amministrazione remota di server \u00e8 spesso una buona soluzione per quelle societ\u00e0 che ad esempio hanno necessit\u00e0 di:<br \/>\n+ interventi spot per risolvere problemi particolari<br \/>\n+ gestione continua di un numero limitato di servizi per i quali un sistemista senior a tempo pieno sarebbe troppo oneroso<br \/>\n+ affiancamento su progetti limitati nel tempo o fasi di startup o migrazione.<\/p>\n<p>Per maggiori dettagli consulta il mio profilo su <a href=\"http:\/\/www.linkedin.com\/in\/fabioinvernizzi\" title=\"Fabio Invernizzi\" target=\"_blank\">Linkedin<\/a> e se pensi si possa collaborare contattami pure senza nessun impegno.<\/p>\n\n\n<!-- Fast Secure Contact Form plugin 4.0.50 - begin - FastSecureContactForm.com -->\r\n<div style=\"clear:both;\"><\/div>\n<p>Comments or questions are welcome.<\/p>\r\n<div id=\"FSContact1\" style=\"width:99%; max-width:555px;\">\r\n<form action=\"https:\/\/fabioinvernizzi.com\/blog\/wp-json\/wp\/v2\/pages\/756#FSContact1\" id=\"fscf_form1\" method=\"post\">\r\n\n<div id=\"fscf_required1\">\n  <span style=\"text-align:left;\">*<\/span> <span style=\"text-align:left;\">indicates required field<\/span>\n<\/div>\n\n\n<div id=\"fscf_div_clear1_0\" style=\"clear:both;\">\n  <div id=\"fscf_div_field1_0\" style=\"clear:left; float:left; width:99%; max-width:550px; margin-right:10px;\">\r\n    <div style=\"text-align:left; padding-top:5px;\">\n      <label style=\"text-align:left;\" for=\"fscf_name1\">Name:<span style=\"text-align:left;\">*<\/span><\/label>\n    <\/div>\r\n    <div style=\"text-align:left;\">\r\n      <input style=\"text-align:left; margin:0; width:99%; max-width:250px;\" type=\"text\" id=\"fscf_name1\" name=\"full_name\" value=\"\"  \/>\r\n    <\/div>\r\n  <\/div>\n<\/div>\n\n<div id=\"fscf_div_clear1_1\" style=\"clear:both;\">\n  <div id=\"fscf_div_field1_1\" style=\"clear:left; float:left; width:99%; max-width:550px; margin-right:10px;\">\n    <div style=\"text-align:left; padding-top:5px;\">\n      <label style=\"text-align:left;\" for=\"fscf_email1\">Email:<span style=\"text-align:left;\">*<\/span><\/label>\n    <\/div>\n    <div style=\"text-align:left;\">\n      <input style=\"text-align:left; margin:0; width:99%; max-width:250px;\" type=\"text\" id=\"fscf_email1\" name=\"email\" value=\"\"  \/>\n    <\/div>\n  <\/div>\n<\/div>\n\n<div id=\"fscf_div_clear1_2\" style=\"clear:both;\">\n  <div id=\"fscf_div_field1_2\" style=\"clear:left; float:left; width:99%; max-width:550px; margin-right:10px;\">\n    <div style=\"text-align:left; padding-top:5px;\">\n      <label style=\"text-align:left;\" for=\"fscf_field1_2\">Subject:<span style=\"text-align:left;\">*<\/span><\/label>\n    <\/div>\n    <div style=\"text-align:left;\">\n      <input style=\"text-align:left; margin:0; width:99%; max-width:250px;\" type=\"text\" id=\"fscf_field1_2\" name=\"subject\" value=\"\"  \/>\n    <\/div>\n  <\/div>\n<\/div>\n\n<div id=\"fscf_div_clear1_3\" style=\"clear:both;\">\n  <div id=\"fscf_div_field1_3\" style=\"clear:left; float:left; width:99%; max-width:550px; margin-right:10px;\">\n    <div style=\"text-align:left; padding-top:5px;\">\n      <label style=\"text-align:left;\" for=\"fscf_field1_3\">Message:<span style=\"text-align:left;\">*<\/span><\/label>\n    <\/div>\n    <div style=\"text-align:left;\">\n      <textarea style=\"text-align:left; margin:0; width:99%; max-width:250px; height:120px;\" id=\"fscf_field1_3\" name=\"message\" cols=\"30\" rows=\"10\" ><\/textarea>\n    <\/div>\n  <\/div>\n<\/div>\r\n<div style=\"clear:both;\"><\/div>\n\n<div style=\"text-align:left; padding-top:5px;\">\n<\/div>\n<div id=\"fscf_captcha_image_div1\" style=\"width:250px; height:65px; padding-top:2px;\">\n      <img loading=\"lazy\" decoding=\"async\" id=\"fscf_captcha_image1\" style=\"border-style:none; margin:0; padding:0px; padding-right:5px; float:left;\" src=\"https:\/\/fabioinvernizzi.com\/blog\/wp-content\/plugins\/si-contact-form\/captcha\/securimage_show.php?prefix=UmcQxPIk8KgaFz2n\" width=\"175\" height=\"60\" alt=\"CAPTCHA\" title=\"CAPTCHA\" \/>\n      <input id=\"fscf_captcha_prefix1\" type=\"hidden\" name=\"fscf_captcha_prefix1\" value=\"UmcQxPIk8KgaFz2n\" \/>\n     <div id=\"fscf_captcha_refresh1\">\n        <a href=\"#\" rel=\"nofollow\" title=\"Refresh\" onclick=\"fscf_captcha_refresh('1','\/blog\/wp-content\/plugins\/si-contact-form\/captcha','https:\/\/fabioinvernizzi.com\/blog\/wp-content\/plugins\/si-contact-form\/captcha\/securimage_show.php?prefix='); return false;\">\n        <img loading=\"lazy\" decoding=\"async\" src=\"https:\/\/fabioinvernizzi.com\/blog\/wp-content\/plugins\/si-contact-form\/captcha\/images\/refresh.png\" width=\"22\" height=\"20\" alt=\"Refresh\" style=\"border-style:none; margin:0; padding:0px; vertical-align:bottom;\" onclick=\"this.blur();\" \/><\/a>\r\n     <\/div>\r\n<\/div>\r\n\r\n<div id=\"fscf_captcha_field1\" style=\"text-align:left; padding-top:5px;\">\r\n     <label style=\"text-align:left;\" for=\"fscf_captcha_code1\">CAPTCHA Code:<span style=\"text-align:left;\">*<\/span><\/label>\r\n<\/div>\r\n<div style=\"text-align:left;\">\n     <input style=\"text-align:left; margin:0; width:50px;\" type=\"text\" value=\"\" autocomplete=\"off\" id=\"fscf_captcha_code1\" name=\"captcha_code\"  \/>\n<\/div>\n\n<div id=\"fscf_submit_div1\" style=\"text-align:left; clear:both; padding-top:15px;\">\r\n\t\t<input type=\"submit\" id=\"fscf_submit1\" style=\"cursor:pointer; margin:0;\" value=\"Submit\"  onclick=\"this.disabled=true; this.value='Submitting...'; this.form.submit();\" \/> \n<\/div>\n\n<input type=\"hidden\" name=\"fscf_submitted\" value=\"0\" \/>\n<input type=\"hidden\" name=\"fs_postonce_1\" value=\"a9e094aecbfe6172106fb37419d50fa7,1775245706\" \/>\n<input type=\"hidden\" name=\"si_contact_action\" value=\"send\" \/>\n<input type=\"hidden\" name=\"form_id\" value=\"1\" \/>\n<input type=\"hidden\" name=\"mailto_id\" value=\"1\" \/>\n\n<\/form>\n<\/div>\r\n<div style=\"clear:both;\"><\/div>\n\n<!-- Fast Secure Contact Form plugin 4.0.50 - end - FastSecureContactForm.com -->\n\n","protected":false},"excerpt":{"rendered":"<p>&#8220;AAA Expert Linux Engineer&#8221; Sono un ingegnere informatico appassionato di open source e dal 1998 lavoro quasi esclusivamente su server linux. Da qualche anno lavoro principalmente per un grosso cliente ma mi ritaglio alcune giornate al mese come freelance durante le quali offro la mia consulenza come REMOTE ADMINISTRATOR. L&#8217;amministrazione remota di server \u00e8 spesso &hellip; <a href=\"https:\/\/fabioinvernizzi.com\/blog\/remote-admin\/\" class=\"more-link\">Continue reading <span class=\"screen-reader-text\">Remote Administrator<\/span> <span class=\"meta-nav\">&rarr;<\/span><\/a><\/p>\n","protected":false},"author":2,"featured_media":0,"parent":0,"menu_order":0,"comment_status":"closed","ping_status":"closed","template":"","meta":{"ngg_post_thumbnail":0,"footnotes":""},"class_list":["post-756","page","type-page","status-publish","hentry"],"_links":{"self":[{"href":"https:\/\/fabioinvernizzi.com\/blog\/wp-json\/wp\/v2\/pages\/756"}],"collection":[{"href":"https:\/\/fabioinvernizzi.com\/blog\/wp-json\/wp\/v2\/pages"}],"about":[{"href":"https:\/\/fabioinvernizzi.com\/blog\/wp-json\/wp\/v2\/types\/page"}],"author":[{"embeddable":true,"href":"https:\/\/fabioinvernizzi.com\/blog\/wp-json\/wp\/v2\/users\/2"}],"replies":[{"embeddable":true,"href":"https:\/\/fabioinvernizzi.com\/blog\/wp-json\/wp\/v2\/comments?post=756"}],"version-history":[{"count":12,"href":"https:\/\/fabioinvernizzi.com\/blog\/wp-json\/wp\/v2\/pages\/756\/revisions"}],"predecessor-version":[{"id":784,"href":"https:\/\/fabioinvernizzi.com\/blog\/wp-json\/wp\/v2\/pages\/756\/revisions\/784"}],"wp:attachment":[{"href":"https:\/\/fabioinvernizzi.com\/blog\/wp-json\/wp\/v2\/media?parent=756"}],"curies":[{"name":"wp","href":"https:\/\/api.w.org\/{rel}","templated":true}]}}